{"id":6483,"date":"2024-01-03T09:55:08","date_gmt":"2024-01-03T09:55:08","guid":{"rendered":"https:\/\/www.nuotochiasso.ch\/?page_id=6483"},"modified":"2024-01-03T15:23:43","modified_gmt":"2024-01-03T15:23:43","slug":"medien","status":"publish","type":"page","link":"https:\/\/www.nuotochiasso.ch\/de\/schweizer-jugendschwimmmeisterschaft-2023\/medien\/","title":{"rendered":"Medien"},"content":{"rendered":"<section id=\"main-menu-campionato\" class=\"bt_bb_section bt_bb_layout_wide bt_bb_vertical_align_top bt_bb_top_spacing_none bt_bb_bottom_spacing_none\"  data-bt-override-class=\"{&quot;bt_bb_top_spacing_&quot;:{&quot;current_class&quot;:&quot;bt_bb_top_spacing_none&quot;,&quot;xxl&quot;:&quot;none&quot;,&quot;xl&quot;:&quot;none&quot;},&quot;bt_bb_bottom_spacing_&quot;:{&quot;current_class&quot;:&quot;bt_bb_bottom_spacing_none&quot;,&quot;xxl&quot;:&quot;none&quot;,&quot;xl&quot;:&quot;none&quot;}}\"><div class=\"bt_bb_port\"><div class=\"bt_bb_cell\"><div class=\"bt_bb_cell_inner\"><div class=\"bt_bb_row_wrapper\"><div  class=\"bt_bb_row\"  data-bt-override-class=\"{}\"><div  class=\"bt_bb_column col-xxl-12 col-xl-12 col-xs-12 col-sm-12 col-md-12 col-lg-12 bt_bb_vertical_align_top bt_bb_align_left bt_bb_padding_60\"  data-width=\"12\" data-bt-override-class=\"{&quot;bt_bb_align_&quot;:{&quot;current_class&quot;:&quot;bt_bb_align_left&quot;,&quot;xxl&quot;:&quot;left&quot;,&quot;xl&quot;:&quot;left&quot;},&quot;bt_bb_padding_&quot;:{&quot;current_class&quot;:&quot;bt_bb_padding_60&quot;,&quot;xxl&quot;:&quot;60&quot;,&quot;xl&quot;:&quot;60&quot;}}\"><div class=\"bt_bb_column_content\"><div class=\"bt_bb_column_content_inner\"><div  class=\"bt_bb_text\" ><div id=\"mega-menu-wrap-max_mega_menu_1\" class=\"mega-menu-wrap\"><div class=\"mega-menu-toggle\"><div class=\"mega-toggle-blocks-left\"><\/div><div class=\"mega-toggle-blocks-center\"><\/div><div class=\"mega-toggle-blocks-right\"><div class='mega-toggle-block mega-menu-toggle-animated-block mega-toggle-block-0' id='mega-toggle-block-0'><button aria-label=\"Toggle Menu\" class=\"mega-toggle-animated mega-toggle-animated-slider\" type=\"button\" aria-expanded=\"false\">\n                  <span class=\"mega-toggle-animated-box\">\n                    <span class=\"mega-toggle-animated-inner\"><\/span>\n                  <\/span>\n                <\/button><\/div><\/div><\/div><ul id=\"mega-menu-max_mega_menu_1\" class=\"mega-menu max-mega-menu mega-menu-horizontal mega-no-js\" data-event=\"hover_intent\" data-effect=\"fade_up\" data-effect-speed=\"200\" data-effect-mobile=\"disabled\" data-effect-speed-mobile=\"0\" data-mobile-force-width=\"false\" data-second-click=\"go\" data-document-click=\"collapse\" data-vertical-behaviour=\"standard\" data-breakpoint=\"992\" data-unbind=\"true\" data-mobile-state=\"collapse_all\" data-hover-intent-timeout=\"300\" data-hover-intent-interval=\"100\"><li class='mega-menu-item mega-menu-item-type-post_type mega-menu-item-object-page mega-align-bottom-left mega-menu-flyout mega-menu-item-2835' id='mega-menu-item-2835'><a class=\"mega-menu-link\" href=\"https:\/\/www.nuotochiasso.ch\/campionato-svizzero-giovanile-nuoto\/\" tabindex=\"0\">Home<\/a><\/li><li class='mega-menu-item mega-menu-item-type-post_type mega-menu-item-object-page mega-align-bottom-left mega-menu-flyout mega-menu-item-3982' id='mega-menu-item-3982'><a class=\"mega-menu-link\" href=\"https:\/\/www.nuotochiasso.ch\/campionato-svizzero-giovanile-nuoto\/organizzatori\/\" tabindex=\"0\">Organizzatori<\/a><\/li><li class='mega-menu-item mega-menu-item-type-post_type mega-menu-item-object-page mega-align-bottom-left mega-menu-flyout mega-menu-item-4010' id='mega-menu-item-4010'><a class=\"mega-menu-link\" href=\"https:\/\/www.nuotochiasso.ch\/campionato-svizzero-giovanile-nuoto\/informazioni-evento\/\" tabindex=\"0\">Informazioni evento<\/a><\/li><li class='mega-menu-item mega-menu-item-type-post_type mega-menu-item-object-page mega-align-bottom-left mega-menu-flyout mega-menu-item-4022' id='mega-menu-item-4022'><a class=\"mega-menu-link\" href=\"https:\/\/www.nuotochiasso.ch\/campionato-svizzero-giovanile-nuoto\/calendario-gare\/\" tabindex=\"0\">Calendario Gare<\/a><\/li><li class='mega-menu-item mega-menu-item-type-post_type mega-menu-item-object-page mega-align-bottom-left mega-menu-flyout mega-menu-item-4025' id='mega-menu-item-4025'><a class=\"mega-menu-link\" href=\"https:\/\/www.nuotochiasso.ch\/campionato-svizzero-giovanile-nuoto\/risultati-gare\/\" tabindex=\"0\">Risultati Gare<\/a><\/li><li class='mega-menu-item mega-menu-item-type-post_type mega-menu-item-object-page mega-align-bottom-left mega-menu-flyout mega-menu-item-6563' id='mega-menu-item-6563'><a class=\"mega-menu-link\" href=\"https:\/\/www.nuotochiasso.ch\/campionato-svizzero-giovanile-nuoto\/media\/\" tabindex=\"0\">Media<\/a><\/li><li class='mega-menu-item mega-menu-item-type-post_type mega-menu-item-object-page mega-align-bottom-left mega-menu-flyout mega-menu-item-4049' id='mega-menu-item-4049'><a class=\"mega-menu-link\" href=\"https:\/\/www.nuotochiasso.ch\/campionato-svizzero-giovanile-nuoto\/sponsorizzazione\/\" tabindex=\"0\">Sponsorizzazione<\/a><\/li><li class='mega-menu-item mega-menu-item-type-post_type mega-menu-item-object-page mega-align-bottom-left mega-menu-flyout mega-menu-item-4030' id='mega-menu-item-4030'><a class=\"mega-menu-link\" href=\"https:\/\/www.nuotochiasso.ch\/campionato-svizzero-giovanile-nuoto\/aiutaci-nella-manifestazione\/\" tabindex=\"0\">Aiutaci<\/a><\/li><li class='mega-menu-item mega-menu-item-type-post_type mega-menu-item-object-page mega-align-bottom-left mega-menu-flyout mega-menu-item-4033' id='mega-menu-item-4033'><a class=\"mega-menu-link\" href=\"https:\/\/www.nuotochiasso.ch\/campionato-svizzero-giovanile-nuoto\/contatti\/\" tabindex=\"0\">Contattaci<\/a><\/li><li class='mega-menu-item mega-wpml-ls-slot-23 mega-wpml-ls-item mega-wpml-ls-item-it mega-wpml-ls-menu-item mega-wpml-ls-first-item mega-menu-item-type-wpml_ls_menu_item mega-menu-item-object-wpml_ls_menu_item mega-menu-flyout mega-menu-item-wpml-ls-23-it' id='mega-menu-item-wpml-ls-23-it'><a class=\"mega-menu-link\" href=\"https:\/\/www.nuotochiasso.ch\" tabindex=\"0\">\n            <img decoding=\"async\"\n            class=\"wpml-ls-flag\"\n            src=\"https:\/\/www.nuotochiasso.ch\/wp-content\/plugins\/sitepress-multilingual-cms\/res\/flags\/it.png\"\n            alt=\"Italienisch\"\n            \n            \n    \/><\/a><\/li><li class='mega-menu-item mega-wpml-ls-slot-23 mega-wpml-ls-item mega-wpml-ls-item-de mega-wpml-ls-current-language mega-wpml-ls-menu-item mega-menu-item-type-wpml_ls_menu_item mega-menu-item-object-wpml_ls_menu_item mega-menu-flyout mega-menu-item-wpml-ls-23-de' id='mega-menu-item-wpml-ls-23-de'><a class=\"mega-menu-link\" href=\"https:\/\/www.nuotochiasso.ch\/de\/\" tabindex=\"0\">\n            <img decoding=\"async\"\n            class=\"wpml-ls-flag\"\n            src=\"https:\/\/www.nuotochiasso.ch\/wp-content\/plugins\/sitepress-multilingual-cms\/res\/flags\/de.png\"\n            alt=\"Deutsch\"\n            \n            \n    \/><\/a><\/li><li class='mega-menu-item mega-wpml-ls-slot-23 mega-wpml-ls-item mega-wpml-ls-item-fr mega-wpml-ls-menu-item mega-wpml-ls-last-item mega-menu-item-type-wpml_ls_menu_item mega-menu-item-object-wpml_ls_menu_item mega-menu-flyout mega-menu-item-wpml-ls-23-fr' id='mega-menu-item-wpml-ls-23-fr'><a class=\"mega-menu-link\" href=\"https:\/\/www.nuotochiasso.ch\/fr\/\" tabindex=\"0\">\n            <img decoding=\"async\"\n            class=\"wpml-ls-flag\"\n            src=\"https:\/\/www.nuotochiasso.ch\/wp-content\/plugins\/sitepress-multilingual-cms\/res\/flags\/fr.png\"\n            alt=\"Franz\u00f6sisch\"\n            \n            \n    \/><\/a><\/li><\/ul><\/div><\/div><\/div><\/div><\/div><\/div><\/div><\/div><!-- cell_inner --><\/div><!-- cell --><\/div><!-- port --><\/section><section id=\"cover-image-home\" class=\"bt_bb_section bt_bb_layout_boxed_1200 bt_bb_vertical_align_top bt_bb_top_spacing_none bt_bb_bottom_spacing_none\"  data-bt-override-class=\"{&quot;bt_bb_top_spacing_&quot;:{&quot;current_class&quot;:&quot;bt_bb_top_spacing_none&quot;,&quot;xxl&quot;:&quot;none&quot;,&quot;xl&quot;:&quot;none&quot;},&quot;bt_bb_bottom_spacing_&quot;:{&quot;current_class&quot;:&quot;bt_bb_bottom_spacing_none&quot;,&quot;xxl&quot;:&quot;none&quot;,&quot;xl&quot;:&quot;none&quot;}}\"><div class=\"bt_bb_port\"><div class=\"bt_bb_cell\"><div class=\"bt_bb_cell_inner\"><div class=\"bt_bb_row_wrapper\"><div  class=\"bt_bb_row\"  data-bt-override-class=\"{}\"><div  class=\"bt_bb_column col-xxl-12 col-xl-12 col-xs-12 col-sm-12 col-md-12 col-lg-12 bt_bb_vertical_align_top bt_bb_align_left bt_bb_padding_60\"  data-width=\"12\" data-bt-override-class=\"{&quot;bt_bb_align_&quot;:{&quot;current_class&quot;:&quot;bt_bb_align_left&quot;,&quot;xxl&quot;:&quot;left&quot;,&quot;xl&quot;:&quot;left&quot;},&quot;bt_bb_padding_&quot;:{&quot;current_class&quot;:&quot;bt_bb_padding_60&quot;,&quot;xxl&quot;:&quot;60&quot;,&quot;xl&quot;:&quot;60&quot;}}\"><div class=\"bt_bb_column_content\"><div class=\"bt_bb_column_content_inner\"><div data-bb-version=\"4.5.5\" class=\"bt_bb_image bt_bb_shape_square bt_bb_target_self bt_bb_align_center bt_bb_hover_style_simple bt_bb_content_display_always bt_bb_content_align_middle\" data-bt-override-class=\"{&quot;bt_bb_align_&quot;:{&quot;current_class&quot;:&quot;bt_bb_align_center&quot;,&quot;xxl&quot;:&quot;center&quot;}}\"><span><img loading=\"lazy\" decoding=\"async\" width=\"2268\" height=\"1000\" src=\"https:\/\/www.nuotochiasso.ch\/wp-content\/uploads\/2023\/04\/0-logo-campionato-svizzero-giovanile-nuoto-2023-cover-1000.png\" class=\"attachment-full size-full\" alt=\"https:\/\/www.nuotochiasso.ch\/wp-content\/uploads\/2023\/04\/0-logo-campionato-svizzero-giovanile-nuoto-2023-cover-1000.png\" data-full_image_src=\"https:\/\/www.nuotochiasso.ch\/wp-content\/uploads\/2023\/04\/0-logo-campionato-svizzero-giovanile-nuoto-2023-cover-1000.png\" title=\"0-logo-campionato-svizzero-giovanile-nuoto-2023-cover-1000\" srcset=\"https:\/\/www.nuotochiasso.ch\/wp-content\/uploads\/2023\/04\/0-logo-campionato-svizzero-giovanile-nuoto-2023-cover-1000.png 2268w, https:\/\/www.nuotochiasso.ch\/wp-content\/uploads\/2023\/04\/0-logo-campionato-svizzero-giovanile-nuoto-2023-cover-1000-600x265.png 600w, https:\/\/www.nuotochiasso.ch\/wp-content\/uploads\/2023\/04\/0-logo-campionato-svizzero-giovanile-nuoto-2023-cover-1000-640x282.png 640w, https:\/\/www.nuotochiasso.ch\/wp-content\/uploads\/2023\/04\/0-logo-campionato-svizzero-giovanile-nuoto-2023-cover-1000-1280x564.png 1280w, https:\/\/www.nuotochiasso.ch\/wp-content\/uploads\/2023\/04\/0-logo-campionato-svizzero-giovanile-nuoto-2023-cover-1000-768x339.png 768w, https:\/\/www.nuotochiasso.ch\/wp-content\/uploads\/2023\/04\/0-logo-campionato-svizzero-giovanile-nuoto-2023-cover-1000-1536x677.png 1536w, https:\/\/www.nuotochiasso.ch\/wp-content\/uploads\/2023\/04\/0-logo-campionato-svizzero-giovanile-nuoto-2023-cover-1000-2048x903.png 2048w, https:\/\/www.nuotochiasso.ch\/wp-content\/uploads\/2023\/04\/0-logo-campionato-svizzero-giovanile-nuoto-2023-cover-1000-320x141.png 320w\" sizes=\"auto, (max-width: 2268px) 100vw, 2268px\" \/><\/span><\/div><\/div><\/div><\/div><\/div><\/div><\/div><!-- cell_inner --><\/div><!-- cell --><\/div><!-- port --><\/section><section id=\"bt_bb_section69f4c9544086c\" class=\"bt_bb_section bt_bb_layout_boxed_1200 bt_bb_vertical_align_top bt_bb_top_spacing_none bt_bb_bottom_spacing_none\" style=\";background-color:rgb(255,255,255);\" data-bt-override-class=\"{&quot;bt_bb_top_spacing_&quot;:{&quot;current_class&quot;:&quot;bt_bb_top_spacing_none&quot;,&quot;xxl&quot;:&quot;none&quot;,&quot;xl&quot;:&quot;none&quot;},&quot;bt_bb_bottom_spacing_&quot;:{&quot;current_class&quot;:&quot;bt_bb_bottom_spacing_none&quot;,&quot;xxl&quot;:&quot;none&quot;,&quot;xl&quot;:&quot;none&quot;}}\"><div class=\"bt_bb_port\"><div class=\"bt_bb_cell\"><div class=\"bt_bb_cell_inner\"><div class=\"bt_bb_row_wrapper\"><div id=\"highlights-row\" class=\"bt_bb_row\" style=\" background-color: rgba(255, 255, 255, 1);\" data-bt-override-class=\"{}\"><div  class=\"bt_bb_column col-xxl-12 col-xl-12 col-xs-12 col-sm-12 col-md-12 col-lg-12 bt_bb_vertical_align_middle bt_bb_align_left bt_bb_padding_normal\"  data-width=\"12\" data-bt-override-class=\"{}\"><div class=\"bt_bb_column_content\"><div class=\"bt_bb_column_content_inner\"><div data-bb-version=\"4.7.3\"  class=\"bt_bb_text media-content-link\" ><h3 style=\"text-align: center;\"><span class=\"HwtZe\" lang=\"de\"><span class=\"jCAhz ChMk0b\"><span class=\"ryNqvb\">Medien<\/span><\/span><\/span>.<\/h3>\n<p><span class=\"HwtZe\" lang=\"de\"><span class=\"jCAhz ChMk0b\"><span class=\"ryNqvb\">Vom 20. bis 23. Juli 2023 war Chiasso stolzer Austragungsort der Schweizer Jugendschwimmmeisterschaften, eine Veranstaltung, die die Aufmerksamkeit von Journalisten und Kameras aus dem ganzen Land auf sich zog.<\/span><\/span> <span class=\"jCAhz ChMk0b\"><span class=\"ryNqvb\">Die au\u00dfergew\u00f6hnlichen Leistungen der Athleten und die lebendige Atmosph\u00e4re erweckten die Fantasie aller und sorgten f\u00fcr gro\u00dfen Beifall in den nationalen Medien.<\/span><\/span><\/span><\/p>\n<h4 style=\"text-align: center;\"><span class=\"HwtZe\" lang=\"de\"><span class=\"jCAhz ChMk0b\"><span class=\"ryNqvb\">Flyer zur Veranstaltung.<\/span><\/span><\/span><\/h4>\n<p><a href=\"https:\/\/www.nuotochiasso.ch\/wp-content\/uploads\/2024\/01\/SNC-criterium-2023-flyer-A3-website-tedesco.pdf\" target=\"_blank\" rel=\"noopener\"><span class=\"HwtZe\" lang=\"de\"><span class=\"jCAhz ChMk0b\"><span class=\"ryNqvb\">Flyer auf Deutsch \u2013 PDF herunterladen<\/span><\/span><\/span><\/a><\/p>\n<h4 style=\"text-align: center;\"><span class=\"HwtZe\" lang=\"de\"><span class=\"jCAhz ChMk0b\"><span class=\"ryNqvb\">Zeitungsartikel.<\/span><\/span><\/span><\/h4>\n<p><a href=\"https:\/\/www.nuotochiasso.ch\/wp-content\/uploads\/2024\/01\/la-regione-19.07.2023.pdf\" target=\"_blank\" rel=\"noopener\"><span class=\"HwtZe\" lang=\"de\"><span class=\"jCAhz ChMk0b\"><span class=\"ryNqvb\">Artikel aus La Regione \u2013 PDF herunterladen<\/span><\/span><\/span><\/a><br \/>\n<span class=\"HwtZe\" lang=\"de\"><span class=\"jCAhz ChMk0b\"><span class=\"ryNqvb\">Vom 19.07.2023<\/span><\/span><\/span><\/p>\n<p><a href=\"https:\/\/www.nuotochiasso.ch\/wp-content\/uploads\/2024\/01\/CdT-19.07.2023.pdf\" target=\"_blank\" rel=\"noopener\"><span class=\"HwtZe\" lang=\"de\"><span class=\"jCAhz ChMk0b\"><span class=\"ryNqvb\">Artikel vom Corriere del Ticino \u2013 PDF herunterladen<\/span><\/span><\/span><\/a><br \/>\n<span class=\"HwtZe\" lang=\"de\"><span class=\"jCAhz ChMk0b\"><span class=\"ryNqvb\">Vom 19.07.2023<\/span><\/span><\/span><\/p>\n<p><a href=\"https:\/\/www.nuotochiasso.ch\/wp-content\/uploads\/2024\/01\/CdT-19.07.2023.pdf\" target=\"_blank\" rel=\"noopener\"><span class=\"HwtZe\" lang=\"de\"><span class=\"jCAhz ChMk0b\"><span class=\"ryNqvb\">Artikel von L&#8217;Informatore \u2013 PDF herunterladen<\/span><\/span><\/span><\/a><br \/>\n<span class=\"HwtZe\" lang=\"de\"><span class=\"jCAhz ChMk0b\"><span class=\"ryNqvb\">Vom 21.07.2023<\/span><\/span><\/span><\/p>\n<h4 style=\"text-align: center;\"><span class=\"HwtZe\" lang=\"de\"><span class=\"jCAhz ChMk0b\"><span class=\"ryNqvb\">Fernsehdienste.<\/span><\/span><\/span><\/h4>\n<p><a href=\"https:\/\/www.teleticino.ch\/ticinonews\/ticinonews-estate-ore-1830-210723-4645\" target=\"_blank\" rel=\"noopener\"><span class=\"HwtZe\" lang=\"de\"><span class=\"jCAhz ChMk0b\"><span class=\"ryNqvb\">Teleticino-Dienst \u2013 Video ansehen<\/span><\/span><\/span><\/a><br \/>\n<span class=\"HwtZe\" lang=\"de\"><span class=\"jCAhz ChMk0b\"><span class=\"ryNqvb\">Ausstrahlung am 21.07.23<\/span><\/span><\/span><\/p>\n<p><a href=\"https:\/\/www.rsi.ch\/play\/tv\/il-quotidiano\/video\/il-quotidiano?urn=urn:rsi:video:16409527\" target=\"_blank\" rel=\"noopener\"><span class=\"HwtZe\" lang=\"de\"><span class=\"jCAhz ChMk0b\"><span class=\"ryNqvb\">RSI-Service \u2013 Video ansehen<\/span><\/span><\/span><\/a><br \/>\n<span class=\"HwtZe\" lang=\"de\"><span class=\"jCAhz ChMk0b\"><span class=\"ryNqvb\">Ausstrahlung am 20.07.2023<\/span><\/span><\/span><\/p>\n<\/div><\/div><\/div><\/div><\/div><\/div><\/div><!-- cell_inner --><\/div><!-- cell --><\/div><!-- port --><\/section>","protected":false},"excerpt":{"rendered":"","protected":false},"author":4,"featured_media":3772,"parent":4220,"menu_order":0,"comment_status":"closed","ping_status":"closed","template":"","meta":{"footnotes":""},"class_list":["post-6483","page","type-page","status-publish","has-post-thumbnail","hentry"],"_links":{"self":[{"href":"https:\/\/www.nuotochiasso.ch\/de\/wp-json\/wp\/v2\/pages\/6483","targetHints":{"allow":["GET"]}}],"collection":[{"href":"https:\/\/www.nuotochiasso.ch\/de\/wp-json\/wp\/v2\/pages"}],"about":[{"href":"https:\/\/www.nuotochiasso.ch\/de\/wp-json\/wp\/v2\/types\/page"}],"author":[{"embeddable":true,"href":"https:\/\/www.nuotochiasso.ch\/de\/wp-json\/wp\/v2\/users\/4"}],"replies":[{"embeddable":true,"href":"https:\/\/www.nuotochiasso.ch\/de\/wp-json\/wp\/v2\/comments?post=6483"}],"version-history":[{"count":4,"href":"https:\/\/www.nuotochiasso.ch\/de\/wp-json\/wp\/v2\/pages\/6483\/revisions"}],"predecessor-version":[{"id":6523,"href":"https:\/\/www.nuotochiasso.ch\/de\/wp-json\/wp\/v2\/pages\/6483\/revisions\/6523"}],"up":[{"embeddable":true,"href":"https:\/\/www.nuotochiasso.ch\/de\/wp-json\/wp\/v2\/pages\/4220"}],"wp:featuredmedia":[{"embeddable":true,"href":"https:\/\/www.nuotochiasso.ch\/de\/wp-json\/wp\/v2\/media\/3772"}],"wp:attachment":[{"href":"https:\/\/www.nuotochiasso.ch\/de\/wp-json\/wp\/v2\/media?parent=6483"}],"curies":[{"name":"wp","href":"https:\/\/api.w.org\/{rel}","templated":true}]}}