{"id":4532,"date":"2023-02-06T14:54:35","date_gmt":"2023-02-06T14:54:35","guid":{"rendered":"https:\/\/www.nuotochiasso.ch\/contatti\/"},"modified":"2023-04-20T07:59:08","modified_gmt":"2023-04-20T07:59:08","slug":"contacts","status":"publish","type":"page","link":"https:\/\/www.nuotochiasso.ch\/fr\/campionato-svizzero-giovanile-nuoto\/contacts\/","title":{"rendered":"Contacts"},"content":{"rendered":"<section id=\"main-menu-campionato\" class=\"bt_bb_section bt_bb_layout_wide bt_bb_vertical_align_top bt_bb_top_spacing_none bt_bb_bottom_spacing_none\"  data-bt-override-class=\"{&quot;bt_bb_top_spacing_&quot;:{&quot;current_class&quot;:&quot;bt_bb_top_spacing_none&quot;,&quot;xxl&quot;:&quot;none&quot;,&quot;xl&quot;:&quot;none&quot;},&quot;bt_bb_bottom_spacing_&quot;:{&quot;current_class&quot;:&quot;bt_bb_bottom_spacing_none&quot;,&quot;xxl&quot;:&quot;none&quot;,&quot;xl&quot;:&quot;none&quot;}}\"><div class=\"bt_bb_port\"><div class=\"bt_bb_cell\"><div class=\"bt_bb_cell_inner\"><div class=\"bt_bb_row_wrapper\"><div  class=\"bt_bb_row\"  data-bt-override-class=\"{}\"><div  class=\"bt_bb_column col-xxl-12 col-xl-12 col-xs-12 col-sm-12 col-md-12 col-lg-12 bt_bb_vertical_align_top bt_bb_align_left bt_bb_padding_60\"  data-width=\"12\" data-bt-override-class=\"{&quot;bt_bb_align_&quot;:{&quot;current_class&quot;:&quot;bt_bb_align_left&quot;,&quot;xxl&quot;:&quot;left&quot;,&quot;xl&quot;:&quot;left&quot;},&quot;bt_bb_padding_&quot;:{&quot;current_class&quot;:&quot;bt_bb_padding_60&quot;,&quot;xxl&quot;:&quot;60&quot;,&quot;xl&quot;:&quot;60&quot;}}\"><div class=\"bt_bb_column_content\"><div class=\"bt_bb_column_content_inner\"><div  class=\"bt_bb_text\" ><div id=\"mega-menu-wrap-max_mega_menu_1\" class=\"mega-menu-wrap\"><div class=\"mega-menu-toggle\"><div class=\"mega-toggle-blocks-left\"><\/div><div class=\"mega-toggle-blocks-center\"><\/div><div class=\"mega-toggle-blocks-right\"><div class='mega-toggle-block mega-menu-toggle-animated-block mega-toggle-block-0' id='mega-toggle-block-0'><button aria-label=\"Toggle Menu\" class=\"mega-toggle-animated mega-toggle-animated-slider\" type=\"button\" aria-expanded=\"false\">\n                  <span class=\"mega-toggle-animated-box\">\n                    <span class=\"mega-toggle-animated-inner\"><\/span>\n                  <\/span>\n                <\/button><\/div><\/div><\/div><ul id=\"mega-menu-max_mega_menu_1\" class=\"mega-menu max-mega-menu mega-menu-horizontal mega-no-js\" data-event=\"hover_intent\" data-effect=\"fade_up\" data-effect-speed=\"200\" data-effect-mobile=\"disabled\" data-effect-speed-mobile=\"0\" data-mobile-force-width=\"false\" data-second-click=\"go\" data-document-click=\"collapse\" data-vertical-behaviour=\"standard\" data-breakpoint=\"992\" data-unbind=\"true\" data-mobile-state=\"collapse_all\" data-hover-intent-timeout=\"300\" data-hover-intent-interval=\"100\"><li class='mega-menu-item mega-menu-item-type-post_type mega-menu-item-object-page mega-align-bottom-left mega-menu-flyout mega-menu-item-2835' id='mega-menu-item-2835'><a class=\"mega-menu-link\" href=\"https:\/\/www.nuotochiasso.ch\/campionato-svizzero-giovanile-nuoto\/\" tabindex=\"0\">Home<\/a><\/li><li class='mega-menu-item mega-menu-item-type-post_type mega-menu-item-object-page mega-align-bottom-left mega-menu-flyout mega-menu-item-3982' id='mega-menu-item-3982'><a class=\"mega-menu-link\" href=\"https:\/\/www.nuotochiasso.ch\/campionato-svizzero-giovanile-nuoto\/organizzatori\/\" tabindex=\"0\">Organizzatori<\/a><\/li><li class='mega-menu-item mega-menu-item-type-post_type mega-menu-item-object-page mega-align-bottom-left mega-menu-flyout mega-menu-item-4010' id='mega-menu-item-4010'><a class=\"mega-menu-link\" href=\"https:\/\/www.nuotochiasso.ch\/campionato-svizzero-giovanile-nuoto\/informazioni-evento\/\" tabindex=\"0\">Informazioni evento<\/a><\/li><li class='mega-menu-item mega-menu-item-type-post_type mega-menu-item-object-page mega-align-bottom-left mega-menu-flyout mega-menu-item-4022' id='mega-menu-item-4022'><a class=\"mega-menu-link\" href=\"https:\/\/www.nuotochiasso.ch\/campionato-svizzero-giovanile-nuoto\/calendario-gare\/\" tabindex=\"0\">Calendario Gare<\/a><\/li><li class='mega-menu-item mega-menu-item-type-post_type mega-menu-item-object-page mega-align-bottom-left mega-menu-flyout mega-menu-item-4025' id='mega-menu-item-4025'><a class=\"mega-menu-link\" href=\"https:\/\/www.nuotochiasso.ch\/campionato-svizzero-giovanile-nuoto\/risultati-gare\/\" tabindex=\"0\">Risultati Gare<\/a><\/li><li class='mega-menu-item mega-menu-item-type-post_type mega-menu-item-object-page mega-align-bottom-left mega-menu-flyout mega-menu-item-6563' id='mega-menu-item-6563'><a class=\"mega-menu-link\" href=\"https:\/\/www.nuotochiasso.ch\/campionato-svizzero-giovanile-nuoto\/media\/\" tabindex=\"0\">Media<\/a><\/li><li class='mega-menu-item mega-menu-item-type-post_type mega-menu-item-object-page mega-align-bottom-left mega-menu-flyout mega-menu-item-4049' id='mega-menu-item-4049'><a class=\"mega-menu-link\" href=\"https:\/\/www.nuotochiasso.ch\/campionato-svizzero-giovanile-nuoto\/sponsorizzazione\/\" tabindex=\"0\">Sponsorizzazione<\/a><\/li><li class='mega-menu-item mega-menu-item-type-post_type mega-menu-item-object-page mega-align-bottom-left mega-menu-flyout mega-menu-item-4030' id='mega-menu-item-4030'><a class=\"mega-menu-link\" href=\"https:\/\/www.nuotochiasso.ch\/campionato-svizzero-giovanile-nuoto\/aiutaci-nella-manifestazione\/\" tabindex=\"0\">Aiutaci<\/a><\/li><li class='mega-menu-item mega-menu-item-type-post_type mega-menu-item-object-page mega-align-bottom-left mega-menu-flyout mega-menu-item-4033' id='mega-menu-item-4033'><a class=\"mega-menu-link\" href=\"https:\/\/www.nuotochiasso.ch\/campionato-svizzero-giovanile-nuoto\/contatti\/\" tabindex=\"0\">Contattaci<\/a><\/li><li class='mega-menu-item mega-wpml-ls-slot-23 mega-wpml-ls-item mega-wpml-ls-item-it mega-wpml-ls-menu-item mega-wpml-ls-first-item mega-menu-item-type-wpml_ls_menu_item mega-menu-item-object-wpml_ls_menu_item mega-menu-flyout mega-menu-item-wpml-ls-23-it' id='mega-menu-item-wpml-ls-23-it'><a class=\"mega-menu-link\" href=\"https:\/\/www.nuotochiasso.ch\" tabindex=\"0\">\n            <img decoding=\"async\"\n            class=\"wpml-ls-flag\"\n            src=\"https:\/\/www.nuotochiasso.ch\/wp-content\/plugins\/sitepress-multilingual-cms\/res\/flags\/it.png\"\n            alt=\"Italien\"\n            \n            \n    \/><\/a><\/li><li class='mega-menu-item mega-wpml-ls-slot-23 mega-wpml-ls-item mega-wpml-ls-item-de mega-wpml-ls-menu-item mega-menu-item-type-wpml_ls_menu_item mega-menu-item-object-wpml_ls_menu_item mega-menu-flyout mega-menu-item-wpml-ls-23-de' id='mega-menu-item-wpml-ls-23-de'><a class=\"mega-menu-link\" href=\"https:\/\/www.nuotochiasso.ch\/de\/\" tabindex=\"0\">\n            <img decoding=\"async\"\n            class=\"wpml-ls-flag\"\n            src=\"https:\/\/www.nuotochiasso.ch\/wp-content\/plugins\/sitepress-multilingual-cms\/res\/flags\/de.png\"\n            alt=\"Allemand\"\n            \n            \n    \/><\/a><\/li><li class='mega-menu-item mega-wpml-ls-slot-23 mega-wpml-ls-item mega-wpml-ls-item-fr mega-wpml-ls-current-language mega-wpml-ls-menu-item mega-wpml-ls-last-item mega-menu-item-type-wpml_ls_menu_item mega-menu-item-object-wpml_ls_menu_item mega-menu-flyout mega-menu-item-wpml-ls-23-fr' id='mega-menu-item-wpml-ls-23-fr'><a class=\"mega-menu-link\" href=\"https:\/\/www.nuotochiasso.ch\/fr\/\" tabindex=\"0\">\n            <img decoding=\"async\"\n            class=\"wpml-ls-flag\"\n            src=\"https:\/\/www.nuotochiasso.ch\/wp-content\/plugins\/sitepress-multilingual-cms\/res\/flags\/fr.png\"\n            alt=\"Fran\u00e7ais\"\n            \n            \n    \/><\/a><\/li><\/ul><\/div><\/div><\/div><\/div><\/div><\/div><\/div><\/div><!-- cell_inner --><\/div><!-- cell --><\/div><!-- port --><\/section><section id=\"cover-image-home\" class=\"bt_bb_section bt_bb_layout_boxed_1200 bt_bb_vertical_align_top bt_bb_top_spacing_none bt_bb_bottom_spacing_none\"  data-bt-override-class=\"{&quot;bt_bb_top_spacing_&quot;:{&quot;current_class&quot;:&quot;bt_bb_top_spacing_none&quot;,&quot;xxl&quot;:&quot;none&quot;,&quot;xl&quot;:&quot;none&quot;},&quot;bt_bb_bottom_spacing_&quot;:{&quot;current_class&quot;:&quot;bt_bb_bottom_spacing_none&quot;,&quot;xxl&quot;:&quot;none&quot;,&quot;xl&quot;:&quot;none&quot;}}\"><div class=\"bt_bb_port\"><div class=\"bt_bb_cell\"><div class=\"bt_bb_cell_inner\"><div class=\"bt_bb_row_wrapper\"><div  class=\"bt_bb_row\"  data-bt-override-class=\"{}\"><div  class=\"bt_bb_column col-xxl-12 col-xl-12 col-xs-12 col-sm-12 col-md-12 col-lg-12 bt_bb_vertical_align_top bt_bb_align_left bt_bb_padding_60\"  data-width=\"12\" data-bt-override-class=\"{&quot;bt_bb_align_&quot;:{&quot;current_class&quot;:&quot;bt_bb_align_left&quot;,&quot;xxl&quot;:&quot;left&quot;,&quot;xl&quot;:&quot;left&quot;},&quot;bt_bb_padding_&quot;:{&quot;current_class&quot;:&quot;bt_bb_padding_60&quot;,&quot;xxl&quot;:&quot;60&quot;,&quot;xl&quot;:&quot;60&quot;}}\"><div class=\"bt_bb_column_content\"><div class=\"bt_bb_column_content_inner\"><div data-bb-version=\"4.5.5\" class=\"bt_bb_image bt_bb_shape_square bt_bb_target_self bt_bb_align_center bt_bb_hover_style_simple bt_bb_content_display_always bt_bb_content_align_middle\" data-bt-override-class=\"{&quot;bt_bb_align_&quot;:{&quot;current_class&quot;:&quot;bt_bb_align_center&quot;,&quot;xxl&quot;:&quot;center&quot;}}\"><span><img loading=\"lazy\" decoding=\"async\" width=\"2268\" height=\"1000\" src=\"https:\/\/www.nuotochiasso.ch\/wp-content\/uploads\/2023\/04\/0-logo-campionato-svizzero-giovanile-nuoto-2023-cover-1000.png\" class=\"attachment-full size-full\" alt=\"https:\/\/www.nuotochiasso.ch\/wp-content\/uploads\/2023\/04\/0-logo-campionato-svizzero-giovanile-nuoto-2023-cover-1000.png\" data-full_image_src=\"https:\/\/www.nuotochiasso.ch\/wp-content\/uploads\/2023\/04\/0-logo-campionato-svizzero-giovanile-nuoto-2023-cover-1000.png\" title=\"0-logo-campionato-svizzero-giovanile-nuoto-2023-cover-1000\" srcset=\"https:\/\/www.nuotochiasso.ch\/wp-content\/uploads\/2023\/04\/0-logo-campionato-svizzero-giovanile-nuoto-2023-cover-1000.png 2268w, https:\/\/www.nuotochiasso.ch\/wp-content\/uploads\/2023\/04\/0-logo-campionato-svizzero-giovanile-nuoto-2023-cover-1000-600x265.png 600w, https:\/\/www.nuotochiasso.ch\/wp-content\/uploads\/2023\/04\/0-logo-campionato-svizzero-giovanile-nuoto-2023-cover-1000-640x282.png 640w, https:\/\/www.nuotochiasso.ch\/wp-content\/uploads\/2023\/04\/0-logo-campionato-svizzero-giovanile-nuoto-2023-cover-1000-1280x564.png 1280w, https:\/\/www.nuotochiasso.ch\/wp-content\/uploads\/2023\/04\/0-logo-campionato-svizzero-giovanile-nuoto-2023-cover-1000-768x339.png 768w, https:\/\/www.nuotochiasso.ch\/wp-content\/uploads\/2023\/04\/0-logo-campionato-svizzero-giovanile-nuoto-2023-cover-1000-1536x677.png 1536w, https:\/\/www.nuotochiasso.ch\/wp-content\/uploads\/2023\/04\/0-logo-campionato-svizzero-giovanile-nuoto-2023-cover-1000-2048x903.png 2048w, https:\/\/www.nuotochiasso.ch\/wp-content\/uploads\/2023\/04\/0-logo-campionato-svizzero-giovanile-nuoto-2023-cover-1000-320x141.png 320w\" sizes=\"auto, (max-width: 2268px) 100vw, 2268px\" \/><\/span><\/div><\/div><\/div><\/div><\/div><\/div><\/div><!-- cell_inner --><\/div><!-- cell --><\/div><!-- port --><\/section><section id=\"bt_bb_section69ef20fc79d83\" class=\"bt_bb_section bt_bb_layout_boxed_1200 bt_bb_vertical_align_top bt_bb_top_spacing_none bt_bb_bottom_spacing_none\" style=\";background-color:rgb(255,255,255);\" data-bt-override-class=\"{&quot;bt_bb_top_spacing_&quot;:{&quot;current_class&quot;:&quot;bt_bb_top_spacing_none&quot;,&quot;xxl&quot;:&quot;none&quot;,&quot;xl&quot;:&quot;none&quot;},&quot;bt_bb_bottom_spacing_&quot;:{&quot;current_class&quot;:&quot;bt_bb_bottom_spacing_none&quot;,&quot;xxl&quot;:&quot;none&quot;,&quot;xl&quot;:&quot;none&quot;}}\"><div class=\"bt_bb_port\"><div class=\"bt_bb_cell\"><div class=\"bt_bb_cell_inner\"><div class=\"bt_bb_row_wrapper\"><div id=\"highlights-row\" class=\"bt_bb_row\" style=\" background-color: rgba(255, 255, 255, 1);\" data-bt-override-class=\"{}\"><div  class=\"bt_bb_column col-xxl-12 col-xl-12 col-xs-12 col-sm-12 col-md-12 col-lg-12 bt_bb_vertical_align_middle bt_bb_align_left bt_bb_padding_normal\"  data-width=\"12\" data-bt-override-class=\"{}\"><div class=\"bt_bb_column_content\"><div class=\"bt_bb_column_content_inner\"><div  class=\"bt_bb_text\" ><h3 style=\"text-align: center;\">Contacts.<\/h3>\n<p>Tu cherchais d\u2019autres renseignements et tu n\u2019as pas r\u00e9ussi\u00a0?<br \/>\nContacte-nous en utilisant le webform suivant !<\/p>\n<p><strong>Ce sera notre pr\u00e9occupation de r\u00e9pondre le plus t\u00f4t possible.<\/strong><\/p>\n<p><strong>\u00a0<\/strong><\/p>\n<\/div><div class=\"bt_bb_separator bt_bb_border_style_none bt_bb_top_spacing_normal bt_bb_bottom_spacing_none\" data-bt-override-class=\"{&quot;bt_bb_top_spacing_&quot;:{&quot;current_class&quot;:&quot;bt_bb_top_spacing_normal&quot;,&quot;xxl&quot;:&quot;normal&quot;,&quot;xl&quot;:&quot;normal&quot;},&quot;bt_bb_bottom_spacing_&quot;:{&quot;current_class&quot;:&quot;bt_bb_bottom_spacing_none&quot;,&quot;xxl&quot;:&quot;none&quot;,&quot;xl&quot;:&quot;none&quot;}}\"><\/div><div class=\"bt_bb_contact_form_7\">\n<div class=\"wpcf7 no-js\" id=\"wpcf7-f2990-o1\" lang=\"it-IT\" dir=\"ltr\">\n<div class=\"screen-reader-response\"><p role=\"status\" aria-live=\"polite\" aria-atomic=\"true\"><\/p> <ul><\/ul><\/div>\n<form action=\"\/fr\/wp-json\/wp\/v2\/pages\/4532#wpcf7-f2990-o1\" method=\"post\" class=\"wpcf7-form init\" aria-label=\"Modulo di contatto\" novalidate=\"novalidate\" data-status=\"init\">\n<div style=\"display: none;\">\n<input type=\"hidden\" name=\"_wpcf7\" value=\"2990\" \/>\n<input type=\"hidden\" name=\"_wpcf7_version\" value=\"5.8.2\" \/>\n<input type=\"hidden\" name=\"_wpcf7_locale\" value=\"it_IT\" \/>\n<input type=\"hidden\" name=\"_wpcf7_unit_tag\" value=\"wpcf7-f2990-o1\" \/>\n<input type=\"hidden\" name=\"_wpcf7_container_post\" value=\"0\" \/>\n<input type=\"hidden\" name=\"_wpcf7_posted_data_hash\" value=\"\" \/>\n<input type=\"hidden\" name=\"_wpcf7_recaptcha_response\" value=\"\" \/>\n<\/div>\n<div class=\"wrapper-cf7-contatti\">\n\t<p class=\"red-asterisk\">Tutti i campi contrassegnati da un * sono obbligatori\n\t<\/p>\n\t<div class=\"wrapper-50\">\n\t\t<p>Il tuo nome <span class=\"red-asterisk\">*<\/span><br \/>\n<span class=\"wpcf7-form-control-wrap\" data-name=\"your-name\"><input size=\"40\" class=\"wpcf7-form-control wpcf7-text wpcf7-validates-as-required\" aria-required=\"true\" aria-invalid=\"false\" value=\"\" type=\"text\" name=\"your-name\" \/><\/span>\n\t\t<\/p>\n\t<\/div>\n\t<div class=\"wrapper-50\">\n\t\t<p>Il tuo cognome <span class=\"red-asterisk\">*<\/span><br \/>\n<span class=\"wpcf7-form-control-wrap\" data-name=\"your-surname\"><input size=\"40\" class=\"wpcf7-form-control wpcf7-text wpcf7-validates-as-required\" aria-required=\"true\" aria-invalid=\"false\" value=\"\" type=\"text\" name=\"your-surname\" \/><\/span>\n\t\t<\/p>\n\t<\/div>\n\t<div class=\"wrapper-50\">\n\t\t<p>La tua email <span class=\"red-asterisk\">*<\/span><br \/>\n<span class=\"wpcf7-form-control-wrap\" data-name=\"your-email\"><input size=\"40\" class=\"wpcf7-form-control wpcf7-email wpcf7-validates-as-required wpcf7-text wpcf7-validates-as-email\" aria-required=\"true\" aria-invalid=\"false\" value=\"\" type=\"email\" name=\"your-email\" \/><\/span>\n\t\t<\/p>\n\t<\/div>\n\t<div class=\"wrapper-50\">\n\t\t<p>Il tuo numero di telefono<br \/>\n<span class=\"wpcf7-form-control-wrap intl_tel-672\"><input class=\"wpcf7-form-control wpcf7-intl_tel wpcf7-intl-tel\" aria-invalid=\"false\" data-initialcountry=\"ch\" data-preferredcountries=\"ch\" value=\"\" type=\"tel\" name=\"intl_tel-672-cf7it-national\" \/><input name=\"intl_tel-672\" type=\"hidden\" class=\"wpcf7-intl-tel-full\" \/><input type=\"hidden\" name=\"intl_tel-672-cf7it-country-name\" class=\"wpcf7-intl-tel-country-name\" \/><input type=\"hidden\" name=\"intl_tel-672-cf7it-country-code\" class=\"wpcf7-intl-tel-country-code\" \/><input type=\"hidden\" name=\"intl_tel-672-cf7it-country-iso2\" class=\"wpcf7-intl-tel-country-iso2\" \/><\/span>\n\t\t<\/p>\n\t<\/div>\n\t<div class=\"wrapper-100\">\n\t\t<p>Il tuo messaggio <span class=\"red-asterisk\">*<\/span><br \/>\n<span class=\"wpcf7-form-control-wrap\" data-name=\"your-message\"><textarea cols=\"40\" rows=\"10\" class=\"wpcf7-form-control wpcf7-textarea wpcf7-validates-as-required\" aria-required=\"true\" aria-invalid=\"false\" name=\"your-message\"><\/textarea><\/span>\n\t\t<\/p>\n\t<\/div>\n\t<div class=\"wrapper-button-contact\">\n\t\t<p><input class=\"wpcf7-form-control wpcf7-submit has-spinner\" type=\"submit\" value=\"Invia\" \/>\n\t\t<\/p>\n\t<\/div>\n<\/div><div class=\"wpcf7-response-output\" aria-hidden=\"true\"><\/div>\n<\/form>\n<\/div>\n<\/div><\/div><\/div><\/div><\/div><\/div><\/div><!-- cell_inner --><\/div><!-- cell --><\/div><!-- port --><\/section>","protected":false},"excerpt":{"rendered":"","protected":false},"author":4,"featured_media":3771,"parent":4563,"menu_order":0,"comment_status":"closed","ping_status":"closed","template":"","meta":{"footnotes":""},"class_list":["post-4532","page","type-page","status-publish","has-post-thumbnail","hentry"],"_links":{"self":[{"href":"https:\/\/www.nuotochiasso.ch\/fr\/wp-json\/wp\/v2\/pages\/4532","targetHints":{"allow":["GET"]}}],"collection":[{"href":"https:\/\/www.nuotochiasso.ch\/fr\/wp-json\/wp\/v2\/pages"}],"about":[{"href":"https:\/\/www.nuotochiasso.ch\/fr\/wp-json\/wp\/v2\/types\/page"}],"author":[{"embeddable":true,"href":"https:\/\/www.nuotochiasso.ch\/fr\/wp-json\/wp\/v2\/users\/4"}],"replies":[{"embeddable":true,"href":"https:\/\/www.nuotochiasso.ch\/fr\/wp-json\/wp\/v2\/comments?post=4532"}],"version-history":[{"count":3,"href":"https:\/\/www.nuotochiasso.ch\/fr\/wp-json\/wp\/v2\/pages\/4532\/revisions"}],"predecessor-version":[{"id":4730,"href":"https:\/\/www.nuotochiasso.ch\/fr\/wp-json\/wp\/v2\/pages\/4532\/revisions\/4730"}],"up":[{"embeddable":true,"href":"https:\/\/www.nuotochiasso.ch\/fr\/wp-json\/wp\/v2\/pages\/4563"}],"wp:featuredmedia":[{"embeddable":true,"href":"https:\/\/www.nuotochiasso.ch\/fr\/wp-json\/wp\/v2\/media\/3771"}],"wp:attachment":[{"href":"https:\/\/www.nuotochiasso.ch\/fr\/wp-json\/wp\/v2\/media?parent=4532"}],"curies":[{"name":"wp","href":"https:\/\/api.w.org\/{rel}","templated":true}]}}